{"id":515,"date":"2019-05-17T11:37:05","date_gmt":"2019-05-17T11:37:05","guid":{"rendered":"https:\/\/tsv-ohrnberg.de\/?page_id=515"},"modified":"2024-04-01T12:32:17","modified_gmt":"2024-04-01T12:32:17","slug":"chronik","status":"publish","type":"page","link":"https:\/\/tsv-ohrnberg.de\/index.php\/chronik\/","title":{"rendered":"Chronik"},"content":{"rendered":"\t\t<div data-elementor-type=\"wp-post\" data-elementor-id=\"515\" class=\"elementor elementor-515\">\n\t\t\t\t\t\t<section class=\"elementor-section elementor-top-section elementor-element elementor-element-b739012 elementor-section-boxed elementor-section-height-default elementor-section-height-default\" data-id=\"b739012\" data-element_type=\"section\" data-e-type=\"section\" data-settings=\"{&quot;background_background&quot;:&quot;classic&quot;}\">\n\t\t\t\t\t\t<div class=\"elementor-container elementor-column-gap-default\">\n\t\t\t\t\t<div class=\"elementor-column elementor-col-100 elementor-top-column elementor-element elementor-element-da1c57f\" data-id=\"da1c57f\" data-element_type=\"column\" data-e-type=\"column\">\n\t\t\t<div class=\"elementor-widget-wrap elementor-element-populated\">\n\t\t\t\t\t\t<div class=\"elementor-element elementor-element-accbdd2 elementor-widget elementor-widget-spacer\" data-id=\"accbdd2\" data-element_type=\"widget\" data-e-type=\"widget\" data-widget_type=\"spacer.default\">\n\t\t\t\t<div class=\"elementor-widget-container\">\n\t\t\t\t\t\t\t<div class=\"elementor-spacer\">\n\t\t\t<div class=\"elementor-spacer-inner\"><\/div>\n\t\t<\/div>\n\t\t\t\t\t\t<\/div>\n\t\t\t\t<\/div>\n\t\t\t\t<div class=\"elementor-element elementor-element-55eb401 elementor-widget elementor-widget-heading\" data-id=\"55eb401\" data-element_type=\"widget\" data-e-type=\"widget\" data-widget_type=\"heading.default\">\n\t\t\t\t<div class=\"elementor-widget-container\">\n\t\t\t\t\t<h2 class=\"elementor-heading-title elementor-size-default\">Vereinschronik<\/h2>\t\t\t\t<\/div>\n\t\t\t\t<\/div>\n\t\t\t\t<div class=\"elementor-element elementor-element-dd07a1b elementor-widget elementor-widget-spacer\" data-id=\"dd07a1b\" data-element_type=\"widget\" data-e-type=\"widget\" data-widget_type=\"spacer.default\">\n\t\t\t\t<div class=\"elementor-widget-container\">\n\t\t\t\t\t\t\t<div class=\"elementor-spacer\">\n\t\t\t<div class=\"elementor-spacer-inner\"><\/div>\n\t\t<\/div>\n\t\t\t\t\t\t<\/div>\n\t\t\t\t<\/div>\n\t\t\t\t\t<\/div>\n\t\t<\/div>\n\t\t\t\t\t<\/div>\n\t\t<\/section>\n\t\t\t\t<section class=\"elementor-section elementor-top-section elementor-element elementor-element-452825b elementor-section-boxed elementor-section-height-default elementor-section-height-default\" data-id=\"452825b\" data-element_type=\"section\" data-e-type=\"section\">\n\t\t\t\t\t\t<div class=\"elementor-container elementor-column-gap-default\">\n\t\t\t\t\t<div class=\"elementor-column elementor-col-50 elementor-top-column elementor-element elementor-element-d5714f8\" data-id=\"d5714f8\" data-element_type=\"column\" data-e-type=\"column\">\n\t\t\t<div class=\"elementor-widget-wrap elementor-element-populated\">\n\t\t\t\t\t\t<div class=\"elementor-element elementor-element-96cb0ac elementor-widget elementor-widget-heading\" data-id=\"96cb0ac\" data-element_type=\"widget\" data-e-type=\"widget\" data-widget_type=\"heading.default\">\n\t\t\t\t<div class=\"elementor-widget-container\">\n\t\t\t\t\t<h2 class=\"elementor-heading-title elementor-size-default\">Gr\u00fcndung und Anf\u00e4nge des TSV<\/h2>\t\t\t\t<\/div>\n\t\t\t\t<\/div>\n\t\t\t\t<div class=\"elementor-element elementor-element-f78ad50 elementor-widget elementor-widget-heading\" data-id=\"f78ad50\" data-element_type=\"widget\" data-e-type=\"widget\" data-widget_type=\"heading.default\">\n\t\t\t\t<div class=\"elementor-widget-container\">\n\t\t\t\t\t<h2 class=\"elementor-heading-title elementor-size-default\">Wir schreiben das Jahr 1921 ...<\/h2>\t\t\t\t<\/div>\n\t\t\t\t<\/div>\n\t\t\t\t<div class=\"elementor-element elementor-element-767e5d7 elementor-widget elementor-widget-image\" data-id=\"767e5d7\" data-element_type=\"widget\" data-e-type=\"widget\" data-widget_type=\"image.default\">\n\t\t\t\t<div class=\"elementor-widget-container\">\n\t\t\t\t\t\t\t\t\t\t\t\t\t\t\t<img fetchpriority=\"high\" decoding=\"async\" width=\"469\" height=\"207\" src=\"https:\/\/tsv-ohrnberg.de\/wp-content\/uploads\/2019\/05\/Chronik1.jpg\" class=\"attachment-large size-large wp-image-521\" alt=\"\" srcset=\"https:\/\/tsv-ohrnberg.de\/wp-content\/uploads\/2019\/05\/Chronik1.jpg 469w, https:\/\/tsv-ohrnberg.de\/wp-content\/uploads\/2019\/05\/Chronik1-300x132.jpg 300w\" sizes=\"(max-width: 469px) 100vw, 469px\" \/>\t\t\t\t\t\t\t\t\t\t\t\t\t\t\t<\/div>\n\t\t\t\t<\/div>\n\t\t\t\t<div class=\"elementor-element elementor-element-2c2beed elementor-widget elementor-widget-text-editor\" data-id=\"2c2beed\" data-element_type=\"widget\" data-e-type=\"widget\" data-widget_type=\"text-editor.default\">\n\t\t\t\t<div class=\"elementor-widget-container\">\n\t\t\t\t\t\t\t\t\t<p>Im Hohenloher Boten vom 18. Mai 1921 steht unter der \u00dcberschrift &#8222;Wirtschaftspolitische Gedanken&#8220; folgendes zu lesen: Die politischen Ereignisse der letzten Wochen lasten schwer auf dem Gem\u00fct des deutschen Volkes. Die Unsicherheit unserer Lage schafft Beunruhigung. Es erhebt sich die Frage: Wie wird sich unsere volkswirtschaftliche Lage gestalten? Auf welchen Rechtsboden stellt uns der Friedensvertrag von Versailles? Lernen wir die Gegenwart aus der Vergangenheit verstehen.<br \/>Eine andere \u00dcberschrift der ersten Seite lautete &#8222;Kanzlerverbrauch in Deutschland&#8220;: Das Deutsche Reich hat einen neuen Kanzler. Seit dem 9. November 1918, seit zwei und einem halben Jahre also, ist es der sechste.<\/p>\t\t\t\t\t\t\t\t<\/div>\n\t\t\t\t<\/div>\n\t\t\t\t<div class=\"elementor-element elementor-element-42b8b31 elementor-widget elementor-widget-image\" data-id=\"42b8b31\" data-element_type=\"widget\" data-e-type=\"widget\" data-widget_type=\"image.default\">\n\t\t\t\t<div class=\"elementor-widget-container\">\n\t\t\t\t\t\t\t\t\t\t\t\t\t\t\t<img decoding=\"async\" width=\"443\" height=\"369\" src=\"https:\/\/tsv-ohrnberg.de\/wp-content\/uploads\/2019\/05\/Vereinszeitung.jpg\" class=\"attachment-large size-large wp-image-533\" alt=\"\" srcset=\"https:\/\/tsv-ohrnberg.de\/wp-content\/uploads\/2019\/05\/Vereinszeitung.jpg 443w, https:\/\/tsv-ohrnberg.de\/wp-content\/uploads\/2019\/05\/Vereinszeitung-300x250.jpg 300w\" sizes=\"(max-width: 443px) 100vw, 443px\" \/>\t\t\t\t\t\t\t\t\t\t\t\t\t\t\t<\/div>\n\t\t\t\t<\/div>\n\t\t\t\t<div class=\"elementor-element elementor-element-c92e24a elementor-widget elementor-widget-text-editor\" data-id=\"c92e24a\" data-element_type=\"widget\" data-e-type=\"widget\" data-widget_type=\"text-editor.default\">\n\t\t\t\t<div class=\"elementor-widget-container\">\n\t\t\t\t\t\t\t\t\t<p>Trotz dieser Schlagzeilen und wirtschaftlichen Situation gr\u00fcndeten an diesem Tage 19 sportbegeisterte junge M\u00e4nner unseren Verein. Idealismus und guter Zusammenhalt waren die tragenden Vorraussetzungen zu diesem Vorhaben. Ein Gl\u00fcckstreffer sollte die Wahl von Hermann K\u00fcstner zum Schriftf\u00fchrer und Kassier werden, in seiner Person war er Torwart, Leichtathlet, Theaterspieler, Schriftf\u00fchrer, aber auch ein geselliger Unterhalter. Bis zu seiner Einberufung in den Krieg 1940 war er die treibende Kraft unseres Vereins, auch nach Kriegsheimkehr ist er den &#8222;J\u00fcngeren&#8220; als Fu\u00dfball-Abteilungsleiter noch in Erinnerung. <br \/>Die ersten Jahre nach Gr\u00fcndung des Vereins brachten viele Schwierigkeiten, denn schon in 1923 folgte die Inflation, welche viele Familien in finanzielle Not und Arbeitslosigkeit brachte, so musste auf vieles verzichtet werden und dazu geh\u00f6rten auch die Fahrten nach ausw\u00e4rts. Dass es trotzdem gesellig und lebhaft zuging, aber auch wieder besser wurde zeigt uns eine vorhandene Vereinszeitung &#8230;&#8230;&#8230;<\/p>\t\t\t\t\t\t\t\t<\/div>\n\t\t\t\t<\/div>\n\t\t\t\t\t<\/div>\n\t\t<\/div>\n\t\t\t\t<div class=\"elementor-column elementor-col-50 elementor-top-column elementor-element elementor-element-e7395b1\" data-id=\"e7395b1\" data-element_type=\"column\" data-e-type=\"column\">\n\t\t\t<div class=\"elementor-widget-wrap elementor-element-populated\">\n\t\t\t\t\t\t<div class=\"elementor-element elementor-element-b6fdbaa elementor-widget elementor-widget-heading\" data-id=\"b6fdbaa\" data-element_type=\"widget\" data-e-type=\"widget\" data-widget_type=\"heading.default\">\n\t\t\t\t<div class=\"elementor-widget-container\">\n\t\t\t\t\t<h2 class=\"elementor-heading-title elementor-size-default\">Interessiert wie sich der TSV Ohrnberg die n\u00e4chsten 99 Jahre entwickelt hat ? Die Jahre 1921 bis 2021 sind geschrieben und gebunden:<\/h2>\t\t\t\t<\/div>\n\t\t\t\t<\/div>\n\t\t\t\t<div class=\"elementor-element elementor-element-e21e710 elementor-widget elementor-widget-text-editor\" data-id=\"e21e710\" data-element_type=\"widget\" data-e-type=\"widget\" data-widget_type=\"text-editor.default\">\n\t\t\t\t<div class=\"elementor-widget-container\">\n\t\t\t\t\t\t\t\t\t<p>Alles wissenswerte zum besten TSV Ohrnberg von 1921 bis 2021 gibt es in gedruckter Form. Auf 300 Seiten ist chronoligisch die Entwicklung \u00fcberliefert und beschrieben. <\/p><p>Erh\u00e4ltlich bei Jan Hiller und Andreas M\u00fcller.<\/p><p>Der Preis: 19,21 EUR<\/p>\t\t\t\t\t\t\t\t<\/div>\n\t\t\t\t<\/div>\n\t\t\t\t<div class=\"elementor-element elementor-element-2721775 elementor-widget elementor-widget-image\" data-id=\"2721775\" data-element_type=\"widget\" data-e-type=\"widget\" data-widget_type=\"image.default\">\n\t\t\t\t<div class=\"elementor-widget-container\">\n\t\t\t\t\t\t\t\t\t\t\t\t\t\t\t<img decoding=\"async\" width=\"1024\" height=\"577\" src=\"https:\/\/tsv-ohrnberg.de\/wp-content\/uploads\/2021\/09\/IMG-20210901-WA0001-1024x577.jpg\" class=\"attachment-large size-large wp-image-1471\" alt=\"\" srcset=\"https:\/\/tsv-ohrnberg.de\/wp-content\/uploads\/2021\/09\/IMG-20210901-WA0001-1024x577.jpg 1024w, https:\/\/tsv-ohrnberg.de\/wp-content\/uploads\/2021\/09\/IMG-20210901-WA0001-300x169.jpg 300w, https:\/\/tsv-ohrnberg.de\/wp-content\/uploads\/2021\/09\/IMG-20210901-WA0001-768x432.jpg 768w, https:\/\/tsv-ohrnberg.de\/wp-content\/uploads\/2021\/09\/IMG-20210901-WA0001-1536x865.jpg 1536w, https:\/\/tsv-ohrnberg.de\/wp-content\/uploads\/2021\/09\/IMG-20210901-WA0001.jpg 1600w\" sizes=\"(max-width: 1024px) 100vw, 1024px\" \/>\t\t\t\t\t\t\t\t\t\t\t\t\t\t\t<\/div>\n\t\t\t\t<\/div>\n\t\t\t\t<div class=\"elementor-element elementor-element-a6e7807 elementor-arrows-position-inside elementor-pagination-position-outside elementor-widget elementor-widget-image-carousel\" data-id=\"a6e7807\" data-element_type=\"widget\" data-e-type=\"widget\" data-settings=\"{&quot;navigation&quot;:&quot;both&quot;,&quot;autoplay&quot;:&quot;yes&quot;,&quot;pause_on_hover&quot;:&quot;yes&quot;,&quot;pause_on_interaction&quot;:&quot;yes&quot;,&quot;autoplay_speed&quot;:5000,&quot;infinite&quot;:&quot;yes&quot;,&quot;speed&quot;:500}\" data-widget_type=\"image-carousel.default\">\n\t\t\t\t<div class=\"elementor-widget-container\">\n\t\t\t\t\t\t\t<div class=\"elementor-image-carousel-wrapper swiper\" role=\"region\" aria-roledescription=\"carousel\" aria-label=\"Bild Karussell\" dir=\"ltr\">\n\t\t\t<div class=\"elementor-image-carousel swiper-wrapper\" aria-live=\"off\">\n\t\t\t\t\t\t\t\t<div class=\"swiper-slide\" role=\"group\" aria-roledescription=\"slide\" aria-label=\"1 von 12\"><figure class=\"swiper-slide-inner\"><img decoding=\"async\" class=\"swiper-slide-image\" src=\"https:\/\/tsv-ohrnberg.de\/wp-content\/uploads\/2019\/05\/Bau-Turnhalle-150x150.jpg\" alt=\"Bau Turnhalle\" \/><\/figure><\/div><div class=\"swiper-slide\" role=\"group\" aria-roledescription=\"slide\" aria-label=\"2 von 12\"><figure class=\"swiper-slide-inner\"><img decoding=\"async\" class=\"swiper-slide-image\" src=\"https:\/\/tsv-ohrnberg.de\/wp-content\/uploads\/2020\/05\/Dia_00026-150x150.jpg\" alt=\"Dia_00026\" \/><\/figure><\/div><div class=\"swiper-slide\" role=\"group\" aria-roledescription=\"slide\" aria-label=\"3 von 12\"><figure class=\"swiper-slide-inner\"><img decoding=\"async\" class=\"swiper-slide-image\" src=\"https:\/\/tsv-ohrnberg.de\/wp-content\/uploads\/2020\/05\/Dia_00015-150x150.jpg\" alt=\"Dia_00015\" \/><\/figure><\/div><div class=\"swiper-slide\" role=\"group\" aria-roledescription=\"slide\" aria-label=\"4 von 12\"><figure class=\"swiper-slide-inner\"><img decoding=\"async\" class=\"swiper-slide-image\" src=\"https:\/\/tsv-ohrnberg.de\/wp-content\/uploads\/2020\/05\/Dia_00009-150x150.jpg\" alt=\"Dia_00009\" \/><\/figure><\/div><div class=\"swiper-slide\" role=\"group\" aria-roledescription=\"slide\" aria-label=\"5 von 12\"><figure class=\"swiper-slide-inner\"><img decoding=\"async\" class=\"swiper-slide-image\" src=\"https:\/\/tsv-ohrnberg.de\/wp-content\/uploads\/2020\/05\/Dia_00008-150x150.jpg\" alt=\"Dia_00008\" \/><\/figure><\/div><div class=\"swiper-slide\" role=\"group\" aria-roledescription=\"slide\" aria-label=\"6 von 12\"><figure class=\"swiper-slide-inner\"><img decoding=\"async\" class=\"swiper-slide-image\" src=\"https:\/\/tsv-ohrnberg.de\/wp-content\/uploads\/2020\/05\/Dia_00007-150x150.jpg\" alt=\"Dia_00007\" \/><\/figure><\/div><div class=\"swiper-slide\" role=\"group\" aria-roledescription=\"slide\" aria-label=\"7 von 12\"><figure class=\"swiper-slide-inner\"><img decoding=\"async\" class=\"swiper-slide-image\" src=\"https:\/\/tsv-ohrnberg.de\/wp-content\/uploads\/2020\/05\/Dia_00004-150x150.jpg\" alt=\"Dia_00004\" \/><\/figure><\/div><div class=\"swiper-slide\" role=\"group\" aria-roledescription=\"slide\" aria-label=\"8 von 12\"><figure class=\"swiper-slide-inner\"><img decoding=\"async\" class=\"swiper-slide-image\" src=\"https:\/\/tsv-ohrnberg.de\/wp-content\/uploads\/2020\/05\/Jahresfeier-7-150x150.jpg\" alt=\"Jahresfeier (7)\" \/><\/figure><\/div><div class=\"swiper-slide\" role=\"group\" aria-roledescription=\"slide\" aria-label=\"9 von 12\"><figure class=\"swiper-slide-inner\"><img decoding=\"async\" class=\"swiper-slide-image\" src=\"https:\/\/tsv-ohrnberg.de\/wp-content\/uploads\/2020\/05\/img968-150x150.jpg\" alt=\"img968\" \/><\/figure><\/div><div class=\"swiper-slide\" role=\"group\" aria-roledescription=\"slide\" aria-label=\"10 von 12\"><figure class=\"swiper-slide-inner\"><img decoding=\"async\" class=\"swiper-slide-image\" src=\"https:\/\/tsv-ohrnberg.de\/wp-content\/uploads\/2020\/05\/1952-150x150.jpg\" alt=\"1952\" \/><\/figure><\/div><div class=\"swiper-slide\" role=\"group\" aria-roledescription=\"slide\" aria-label=\"11 von 12\"><figure class=\"swiper-slide-inner\"><img decoding=\"async\" class=\"swiper-slide-image\" src=\"https:\/\/tsv-ohrnberg.de\/wp-content\/uploads\/2020\/05\/00006-150x150.jpg\" alt=\"---_00006\" \/><\/figure><\/div><div class=\"swiper-slide\" role=\"group\" aria-roledescription=\"slide\" aria-label=\"12 von 12\"><figure class=\"swiper-slide-inner\"><img decoding=\"async\" class=\"swiper-slide-image\" src=\"https:\/\/tsv-ohrnberg.de\/wp-content\/uploads\/2020\/05\/Wagner-150x150.jpg\" alt=\"Wagner\" \/><\/figure><\/div>\t\t\t<\/div>\n\t\t\t\t\t\t\t\t\t\t\t\t<div class=\"elementor-swiper-button elementor-swiper-button-prev\" role=\"button\" tabindex=\"0\">\n\t\t\t\t\t\t<i aria-hidden=\"true\" class=\"eicon-chevron-left\"><\/i>\t\t\t\t\t<\/div>\n\t\t\t\t\t<div class=\"elementor-swiper-button elementor-swiper-button-next\" role=\"button\" tabindex=\"0\">\n\t\t\t\t\t\t<i aria-hidden=\"true\" class=\"eicon-chevron-right\"><\/i>\t\t\t\t\t<\/div>\n\t\t\t\t\n\t\t\t\t\t\t\t\t\t<div class=\"swiper-pagination\"><\/div>\n\t\t\t\t\t\t\t\t\t<\/div>\n\t\t\t\t\t\t<\/div>\n\t\t\t\t<\/div>\n\t\t\t\t\t<\/div>\n\t\t<\/div>\n\t\t\t\t\t<\/div>\n\t\t<\/section>\n\t\t\t\t<section class=\"elementor-section elementor-top-section elementor-element elementor-element-8851183 elementor-section-boxed elementor-section-height-default elementor-section-height-default\" data-id=\"8851183\" data-element_type=\"section\" data-e-type=\"section\">\n\t\t\t\t\t\t<div class=\"elementor-container elementor-column-gap-default\">\n\t\t\t\t\t<div class=\"elementor-column elementor-col-100 elementor-top-column elementor-element elementor-element-23ef70f\" data-id=\"23ef70f\" data-element_type=\"column\" data-e-type=\"column\">\n\t\t\t<div class=\"elementor-widget-wrap elementor-element-populated\">\n\t\t\t\t\t\t<div class=\"elementor-element elementor-element-af8d332 elementor-widget elementor-widget-heading\" data-id=\"af8d332\" data-element_type=\"widget\" data-e-type=\"widget\" data-widget_type=\"heading.default\">\n\t\t\t\t<div class=\"elementor-widget-container\">\n\t\t\t\t\t<h2 class=\"elementor-heading-title elementor-size-default\">Die Fortsetzung der Chronik:<\/h2>\t\t\t\t<\/div>\n\t\t\t\t<\/div>\n\t\t\t\t<div class=\"elementor-element elementor-element-7875124 elementor-widget elementor-widget-heading\" data-id=\"7875124\" data-element_type=\"widget\" data-e-type=\"widget\" data-widget_type=\"heading.default\">\n\t\t\t\t<div class=\"elementor-widget-container\">\n\t\t\t\t\t<h2 class=\"elementor-heading-title elementor-size-default\">2021<\/h2>\t\t\t\t<\/div>\n\t\t\t\t<\/div>\n\t\t\t\t<div class=\"elementor-element elementor-element-70b497b elementor-widget elementor-widget-text-editor\" data-id=\"70b497b\" data-element_type=\"widget\" data-e-type=\"widget\" data-widget_type=\"text-editor.default\">\n\t\t\t\t<div class=\"elementor-widget-container\">\n\t\t\t\t\t\t\t\t\t<p>28.02.2021 Redaktionsschluss f\u00fcr das Chronik Team. Dutzende Geschichten wurden angeh\u00f6rt, hunderte Bilder gesichtet und tausende S\u00e4tze aus zehntausenden W\u00f6rter gebildet.<\/p><p>M\u00e4rz 2021: In einer digital abgehaltenen Ausschusssitzung muss der Verein eine wichtige Entscheidung treffen: Findet das Jubil\u00e4um vom 18.-20.06.2021 statt oder wird es abgesagt? Nach kurzer Diskussion ist die Meinung einstimmig. Aufgrund der anhaltenden Corona Kontaktbeschr\u00e4nkungen und der nach wie vor unsicheren Entwicklung der Pandemie ist das Risiko zu hoch ein dreit\u00e4giges Fest zu planen. Der Termin wird auf 2022 verschoben: 24.-26.06.2022.<\/p><p>18.05.2021 Der TSV Ohrnberg wird 100 Jahre alt! Daran kann auch Corona nichts \u00e4ndern&#8230; Es ist ein Novum in der Vereinsgeschichte. Der 100. Geburtstag wird mit einem digitalem Sektempfang begangen. Hinter kanpp 60 Webcams sitzen weit \u00fcber 100 TSV-Mitglieder und feiern gemeinsam dieses denkw\u00fcrdige Jubil\u00e4um. Prost!<\/p>\t\t\t\t\t\t\t\t<\/div>\n\t\t\t\t<\/div>\n\t\t\t\t\t<\/div>\n\t\t<\/div>\n\t\t\t\t\t<\/div>\n\t\t<\/section>\n\t\t\t\t<section class=\"elementor-section elementor-top-section elementor-element elementor-element-b5f6d7a elementor-section-boxed elementor-section-height-default elementor-section-height-default\" data-id=\"b5f6d7a\" data-element_type=\"section\" data-e-type=\"section\">\n\t\t\t\t\t\t<div class=\"elementor-container elementor-column-gap-default\">\n\t\t\t\t\t<div class=\"elementor-column elementor-col-100 elementor-top-column elementor-element elementor-element-2bfe4d1\" data-id=\"2bfe4d1\" data-element_type=\"column\" data-e-type=\"column\">\n\t\t\t<div class=\"elementor-widget-wrap elementor-element-populated\">\n\t\t\t\t\t\t<div class=\"elementor-element elementor-element-f6b5414 elementor-widget elementor-widget-heading\" data-id=\"f6b5414\" data-element_type=\"widget\" data-e-type=\"widget\" data-widget_type=\"heading.default\">\n\t\t\t\t<div class=\"elementor-widget-container\">\n\t\t\t\t\t<h2 class=\"elementor-heading-title elementor-size-default\">Zu unserer Chronik beitragen<\/h2>\t\t\t\t<\/div>\n\t\t\t\t<\/div>\n\t\t\t\t<div class=\"elementor-element elementor-element-3c433b8 elementor-widget elementor-widget-text-editor\" data-id=\"3c433b8\" data-element_type=\"widget\" data-e-type=\"widget\" data-widget_type=\"text-editor.default\">\n\t\t\t\t<div class=\"elementor-widget-container\">\n\t\t\t\t\t\t\t\t\t<p>Falls du etwas zu unserer Chronik beitragen m\u00f6chtest, f\u00fclle bitte das folgende Formular aus. <br \/>Speziell Fotos aus den ersten 100 Jahren des TSV Ohrnberg sind von unsch\u00e4tzbarem Wert und nehmen wir gerne in unser Archiv auf. Diese k\u00f6nnen direkt an <a href=\"mailto:tsv-ohrnberg@gmx.de\">tsv-ohrnberg@gmx.de<\/a> gesendet werden.<br \/>Wir werden deine Daten nat\u00fcrlich streng vertraulich, nach DSGVO, verarbeiten. Mit dem Klick auf senden akzeptierst du unsere <a href=\"https:\/\/tsv-ohrnberg.de\/index.php\/datenschutzerklaerung\/\">Datenschutzerkl\u00e4rung.<\/a><\/p>\t\t\t\t\t\t\t\t<\/div>\n\t\t\t\t<\/div>\n\t\t\t\t<div class=\"elementor-element elementor-element-a246bb6 elementor-widget elementor-widget-html\" data-id=\"a246bb6\" data-element_type=\"widget\" data-e-type=\"widget\" data-widget_type=\"html.default\">\n\t\t\t\t<div class=\"elementor-widget-container\">\n\t\t\t\t\t<div class=\"wpforms-container wpforms-container-full\" id=\"wpforms-577\"><form id=\"wpforms-form-577\" class=\"wpforms-validate wpforms-form\" data-formid=\"577\" method=\"post\" enctype=\"multipart\/form-data\" action=\"\/index.php\/wp-json\/wp\/v2\/pages\/515\" data-token=\"ce2d5ec01aac3e4d7652e8d2261d6149\" data-token-time=\"1776407742\"><noscript class=\"wpforms-error-noscript\">Bitte aktiviere JavaScript in deinem Browser, um dieses Formular fertigzustellen.<\/noscript><div class=\"wpforms-field-container\"><div id=\"wpforms-577-field_0-container\" class=\"wpforms-field wpforms-field-name\" data-field-id=\"0\"><label class=\"wpforms-field-label\">Name <span class=\"wpforms-required-label\">*<\/span><\/label><div class=\"wpforms-field-row wpforms-field-medium\"><div class=\"wpforms-field-row-block wpforms-first wpforms-one-half\"><input type=\"text\" id=\"wpforms-577-field_0\" class=\"wpforms-field-name-first wpforms-field-required\" name=\"wpforms[fields][0][first]\" required><label for=\"wpforms-577-field_0\" class=\"wpforms-field-sublabel after\">Vorname<\/label><\/div><div class=\"wpforms-field-row-block wpforms-one-half\"><input type=\"text\" id=\"wpforms-577-field_0-last\" class=\"wpforms-field-name-last wpforms-field-required\" name=\"wpforms[fields][0][last]\" required><label for=\"wpforms-577-field_0-last\" class=\"wpforms-field-sublabel after\">Nachname<\/label><\/div><\/div><\/div><div id=\"wpforms-577-field_1-container\" class=\"wpforms-field wpforms-field-email\" data-field-id=\"1\"><label class=\"wpforms-field-label\" for=\"wpforms-577-field_1\">E-Mail <span class=\"wpforms-required-label\">*<\/span><\/label><input type=\"email\" id=\"wpforms-577-field_1\" class=\"wpforms-field-medium wpforms-field-required\" name=\"wpforms[fields][1]\" spellcheck=\"false\" required><div class=\"wpforms-field-description\">Bitte gib deine E-Mail ein, sodass wir in Kontakt bleiben k\u00f6nnen.<\/div><\/div><div id=\"wpforms-577-field_3-container\" class=\"wpforms-field wpforms-field-text\" data-field-id=\"3\"><label class=\"wpforms-field-label\" for=\"wpforms-577-field_3\">Thema: <span class=\"wpforms-required-label\">*<\/span><\/label><input type=\"text\" id=\"wpforms-577-field_3\" class=\"wpforms-field-medium wpforms-field-required\" name=\"wpforms[fields][3]\" required><\/div><div id=\"wpforms-577-field_4-container\" class=\"wpforms-field wpforms-field-textarea\" data-field-id=\"4\"><label class=\"wpforms-field-label\" for=\"wpforms-577-field_4\">Beschreibung: <span class=\"wpforms-required-label\">*<\/span><\/label><textarea id=\"wpforms-577-field_4\" class=\"wpforms-field-medium wpforms-field-required\" name=\"wpforms[fields][4]\" required><\/textarea><\/div><\/div><!-- .wpforms-field-container --><div class=\"wpforms-field wpforms-field-hp\"><label for=\"wpforms-577-field-hp\" class=\"wpforms-field-label\">Comment<\/label><input type=\"text\" name=\"wpforms[hp]\" id=\"wpforms-577-field-hp\" class=\"wpforms-field-medium\"><\/div><div class=\"wpforms-submit-container\" ><input type=\"hidden\" name=\"wpforms[id]\" value=\"577\"><input type=\"hidden\" name=\"page_title\" value=\"\"><input type=\"hidden\" name=\"page_url\" value=\"https:\/\/tsv-ohrnberg.de\/index.php\/wp-json\/wp\/v2\/pages\/515\"><input type=\"hidden\" name=\"url_referer\" value=\"\"><button type=\"submit\" name=\"wpforms[submit]\" id=\"wpforms-submit-577\" class=\"wpforms-submit\" data-alt-text=\"Senden...\" data-submit-text=\"Absenden\" aria-live=\"assertive\" value=\"wpforms-submit\">Absenden<\/button><\/div><\/form><\/div>  <!-- .wpforms-container -->\t\t\t\t<\/div>\n\t\t\t\t<\/div>\n\t\t\t\t\t<\/div>\n\t\t<\/div>\n\t\t\t\t\t<\/div>\n\t\t<\/section>\n\t\t\t\t<\/div>\n\t\t","protected":false},"excerpt":{"rendered":"<p>Vereinschronik Gr\u00fcndung und Anf\u00e4nge des TSV Wir schreiben das Jahr 1921 &#8230; Im Hohenloher Boten vom 18. Mai 1921 steht unter der \u00dcberschrift &#8222;Wirtschaftspolitische Gedanken&#8220; folgendes zu lesen: Die politischen Ereignisse der letzten Wochen lasten schwer auf dem Gem\u00fct des deutschen Volkes. Die Unsicherheit unserer Lage schafft Beunruhigung. Es erhebt sich die Frage: Wie wird [&hellip;]<\/p>\n","protected":false},"author":1,"featured_media":0,"parent":0,"menu_order":0,"comment_status":"closed","ping_status":"closed","template":"","meta":{"_monsterinsights_skip_tracking":false,"_monsterinsights_sitenote_active":false,"_monsterinsights_sitenote_note":"","_monsterinsights_sitenote_category":0,"footnotes":""},"class_list":["post-515","page","type-page","status-publish","hentry","entry"],"_links":{"self":[{"href":"https:\/\/tsv-ohrnberg.de\/index.php\/wp-json\/wp\/v2\/pages\/515","targetHints":{"allow":["GET"]}}],"collection":[{"href":"https:\/\/tsv-ohrnberg.de\/index.php\/wp-json\/wp\/v2\/pages"}],"about":[{"href":"https:\/\/tsv-ohrnberg.de\/index.php\/wp-json\/wp\/v2\/types\/page"}],"author":[{"embeddable":true,"href":"https:\/\/tsv-ohrnberg.de\/index.php\/wp-json\/wp\/v2\/users\/1"}],"replies":[{"embeddable":true,"href":"https:\/\/tsv-ohrnberg.de\/index.php\/wp-json\/wp\/v2\/comments?post=515"}],"version-history":[{"count":85,"href":"https:\/\/tsv-ohrnberg.de\/index.php\/wp-json\/wp\/v2\/pages\/515\/revisions"}],"predecessor-version":[{"id":2756,"href":"https:\/\/tsv-ohrnberg.de\/index.php\/wp-json\/wp\/v2\/pages\/515\/revisions\/2756"}],"wp:attachment":[{"href":"https:\/\/tsv-ohrnberg.de\/index.php\/wp-json\/wp\/v2\/media?parent=515"}],"curies":[{"name":"wp","href":"https:\/\/api.w.org\/{rel}","templated":true}]}}