{"id":200,"date":"2019-05-13T08:38:22","date_gmt":"2019-05-13T08:38:22","guid":{"rendered":"http:\/\/tsv-ohrnberg.de\/?page_id=200"},"modified":"2020-04-29T11:33:14","modified_gmt":"2020-04-29T11:33:14","slug":"impressum","status":"publish","type":"page","link":"https:\/\/tsv-ohrnberg.de\/index.php\/impressum\/","title":{"rendered":"Impressum"},"content":{"rendered":"\t\t<div data-elementor-type=\"wp-post\" data-elementor-id=\"200\" class=\"elementor elementor-200\">\n\t\t\t\t\t\t<section class=\"elementor-section elementor-top-section elementor-element elementor-element-5573f3c elementor-section-boxed elementor-section-height-default elementor-section-height-default\" data-id=\"5573f3c\" data-element_type=\"section\" data-e-type=\"section\" data-settings=\"{&quot;background_background&quot;:&quot;classic&quot;}\">\n\t\t\t\t\t\t<div class=\"elementor-container elementor-column-gap-default\">\n\t\t\t\t\t<div class=\"elementor-column elementor-col-100 elementor-top-column elementor-element elementor-element-33d55d4\" data-id=\"33d55d4\" data-element_type=\"column\" data-e-type=\"column\">\n\t\t\t<div class=\"elementor-widget-wrap elementor-element-populated\">\n\t\t\t\t\t\t<div class=\"elementor-element elementor-element-884e363 elementor-widget elementor-widget-spacer\" data-id=\"884e363\" data-element_type=\"widget\" data-e-type=\"widget\" data-widget_type=\"spacer.default\">\n\t\t\t\t<div class=\"elementor-widget-container\">\n\t\t\t\t\t\t\t<div class=\"elementor-spacer\">\n\t\t\t<div class=\"elementor-spacer-inner\"><\/div>\n\t\t<\/div>\n\t\t\t\t\t\t<\/div>\n\t\t\t\t<\/div>\n\t\t\t\t<div class=\"elementor-element elementor-element-0108cbd elementor-widget elementor-widget-heading\" data-id=\"0108cbd\" data-element_type=\"widget\" data-e-type=\"widget\" data-widget_type=\"heading.default\">\n\t\t\t\t<div class=\"elementor-widget-container\">\n\t\t\t\t\t<h2 class=\"elementor-heading-title elementor-size-default\">Impressum<\/h2>\t\t\t\t<\/div>\n\t\t\t\t<\/div>\n\t\t\t\t<div class=\"elementor-element elementor-element-0c3dc9a elementor-widget elementor-widget-spacer\" data-id=\"0c3dc9a\" data-element_type=\"widget\" data-e-type=\"widget\" data-widget_type=\"spacer.default\">\n\t\t\t\t<div class=\"elementor-widget-container\">\n\t\t\t\t\t\t\t<div class=\"elementor-spacer\">\n\t\t\t<div class=\"elementor-spacer-inner\"><\/div>\n\t\t<\/div>\n\t\t\t\t\t\t<\/div>\n\t\t\t\t<\/div>\n\t\t\t\t\t<\/div>\n\t\t<\/div>\n\t\t\t\t\t<\/div>\n\t\t<\/section>\n\t\t\t\t<section class=\"elementor-section elementor-top-section elementor-element elementor-element-c8aeb57 elementor-section-boxed elementor-section-height-default elementor-section-height-default\" data-id=\"c8aeb57\" data-element_type=\"section\" data-e-type=\"section\">\n\t\t\t\t\t\t<div class=\"elementor-container elementor-column-gap-default\">\n\t\t\t\t\t<div class=\"elementor-column elementor-col-100 elementor-top-column elementor-element elementor-element-eb76841\" data-id=\"eb76841\" data-element_type=\"column\" data-e-type=\"column\">\n\t\t\t<div class=\"elementor-widget-wrap elementor-element-populated\">\n\t\t\t\t\t\t<div class=\"elementor-element elementor-element-6274bd6 elementor-widget elementor-widget-text-editor\" data-id=\"6274bd6\" data-element_type=\"widget\" data-e-type=\"widget\" data-widget_type=\"text-editor.default\">\n\t\t\t\t<div class=\"elementor-widget-container\">\n\t\t\t\t\t\t\t\t\t<p>Alle Inhalte dieses Web-Angebots, wie Bilder, Grafiken und Symbole, Texte, unterliegen dem Urheberrecht. Wenn nicht anders angegeben, liegt das Urheberrecht beim TSV Ohrnberg 1921 e.V.! Jegliches Kopieren, Vervielf\u00e4ltigen und Verwenden von Daten der TSV Ohrnberg-Website ist ohne ausdr\u00fcckliche schriftliche Genehmigung des TSV Ohrnberg verboten. Dies gilt auch f\u00fcr die Speicherung und\/oder Vervielf\u00e4ltigung in Datenbanken und auf Datentr\u00e4gern.<\/p>\t\t\t\t\t\t\t\t<\/div>\n\t\t\t\t<\/div>\n\t\t\t\t<div class=\"elementor-element elementor-element-1156c5d elementor-widget elementor-widget-text-editor\" data-id=\"1156c5d\" data-element_type=\"widget\" data-e-type=\"widget\" data-widget_type=\"text-editor.default\">\n\t\t\t\t<div class=\"elementor-widget-container\">\n\t\t\t\t\t\t\t\t\t<p>Der TSV Ohrnberg ist bem\u00fcht, dieses Angebot aufrecht zu erhalten und zu verbessern. Der TSV Ohrnberg garantiert nicht f\u00fcr die Richtigkeit und Vollst\u00e4ndigkeit der Daten. Wir bitten im Interesse aller Besucher darum, bei versehentlicher Ver\u00f6ffentlichung falscher Daten diese Fehler mitzuteilen. Die st\u00e4ndige Verf\u00e4gbarkeit und regelm\u00e4\u00dfige Aktualisierung dieses Angebots kann nicht garantiert werden. Jeglicher Rechts- oder Ersatzanspruch aufgrund falscher Darstellungen ist ausgeschlossen.<\/p>\t\t\t\t\t\t\t\t<\/div>\n\t\t\t\t<\/div>\n\t\t\t\t<div class=\"elementor-element elementor-element-1e2c82e elementor-widget elementor-widget-text-editor\" data-id=\"1e2c82e\" data-element_type=\"widget\" data-e-type=\"widget\" data-widget_type=\"text-editor.default\">\n\t\t\t\t<div class=\"elementor-widget-container\">\n\t\t\t\t\t\t\t\t\t<p>Der TSV Ohrnberg versichert hiermit ausdr\u00fccklich, dass zum Zeitpunkt der Linksetzung keine illegalen Inhalte auf den zu verlinkenden Seiten erkennbar waren. Auf die aktuelle und zuk\u00fcnftige Gestaltung, die Inhalte oder die Urheberschaft der gelinkten\/verkn\u00fcpften Seiten hat der TSV Ohrnberg keinerlei Einfluss. Deshalb distanziert er sich hiermit ausdr\u00fccklich von allen Inhalten aller gelinkten \/verkn\u00fcpften Seiten, die nach der Linksetzung ver\u00e4ndert wurden. Diese Feststellung gilt f\u00fcr alle innerhalb des eigenen Internetangebotes gesetzten Links und Verweise sowie f\u00fcr fremd Eintr\u00e4ge in vom TSV Ohrnberg eingerichteten G\u00e4steb\u00fcchern, Diskussionsforen und Mailinglisten. F\u00fcr illegale, fehlerhafte oder unvollst\u00e4ndige Inhalte und insbesondere f\u00fcr Sch\u00e4den, die aus der Nutzung oder Nichtnutzung solcherart dargebotener Informationen entstehen, haftet allein der Anbieter der Seite, auf welche verwiesen wurde, nicht derjenige, der ?ber Links auf die jeweilige Ver\u00f6ffentlichung lediglich verweist.<\/p>\t\t\t\t\t\t\t\t<\/div>\n\t\t\t\t<\/div>\n\t\t\t\t<div class=\"elementor-element elementor-element-66c45e5 elementor-widget elementor-widget-text-editor\" data-id=\"66c45e5\" data-element_type=\"widget\" data-e-type=\"widget\" data-widget_type=\"text-editor.default\">\n\t\t\t\t<div class=\"elementor-widget-container\">\n\t\t\t\t\t\t\t\t\t<p>Turn- und Sportverein Ohrnberg von 1921 e.V.<br \/>1. Vorsitzender: Martin Poddig<br \/>74613 Ohrnberg<br \/>Telefon:\u00a0 07948 \/ 94 18 98<\/p>\t\t\t\t\t\t\t\t<\/div>\n\t\t\t\t<\/div>\n\t\t\t\t<div class=\"elementor-element elementor-element-aca641b elementor-widget elementor-widget-text-editor\" data-id=\"aca641b\" data-element_type=\"widget\" data-e-type=\"widget\" data-widget_type=\"text-editor.default\">\n\t\t\t\t<div class=\"elementor-widget-container\">\n\t\t\t\t\t\t\t\t\t<p>Vereinsregister: VR 67 Amtsgericht \u00d6hringen<br \/>Umsatzsteuer-ID: 76001\/30377<\/p>\t\t\t\t\t\t\t\t<\/div>\n\t\t\t\t<\/div>\n\t\t\t\t<div class=\"elementor-element elementor-element-fb310f8 elementor-widget elementor-widget-text-editor\" data-id=\"fb310f8\" data-element_type=\"widget\" data-e-type=\"widget\" data-widget_type=\"text-editor.default\">\n\t\t\t\t<div class=\"elementor-widget-container\">\n\t\t\t\t\t\t\t\t\t<p>Internetauftritt und Datenschutzbeauftragter:Jonas Winter<br \/>Bergh\u00e4lde 8<br \/>74613 Baumerlenbach<br \/>Telefon: 01739905625<\/p>\t\t\t\t\t\t\t\t<\/div>\n\t\t\t\t<\/div>\n\t\t\t\t<div class=\"elementor-element elementor-element-fce1760 elementor-widget elementor-widget-html\" data-id=\"fce1760\" data-element_type=\"widget\" data-e-type=\"widget\" data-widget_type=\"html.default\">\n\t\t\t\t<div class=\"elementor-widget-container\">\n\t\t\t\t\t\n<a href=\"mailto:jonas.winter@tsv-ohrnberg.de\">Email: jonas.winter@tsv-ohrnberg.de<\/a>\n\t\t\t\t<\/div>\n\t\t\t\t<\/div>\n\t\t\t\t\t<\/div>\n\t\t<\/div>\n\t\t\t\t\t<\/div>\n\t\t<\/section>\n\t\t\t\t<section class=\"elementor-section elementor-top-section elementor-element elementor-element-dbb283c elementor-section-boxed elementor-section-height-default elementor-section-height-default\" data-id=\"dbb283c\" data-element_type=\"section\" data-e-type=\"section\">\n\t\t\t\t\t\t<div class=\"elementor-container elementor-column-gap-default\">\n\t\t\t\t\t<div class=\"elementor-column elementor-col-100 elementor-top-column elementor-element elementor-element-100e6f3\" data-id=\"100e6f3\" data-element_type=\"column\" data-e-type=\"column\">\n\t\t\t<div class=\"elementor-widget-wrap elementor-element-populated\">\n\t\t\t\t\t\t<div class=\"elementor-element elementor-element-eb60f35 elementor-widget elementor-widget-heading\" data-id=\"eb60f35\" data-element_type=\"widget\" data-e-type=\"widget\" data-widget_type=\"heading.default\">\n\t\t\t\t<div class=\"elementor-widget-container\">\n\t\t\t\t\t<h2 class=\"elementor-heading-title elementor-size-default\">Satzung: <\/h2>\t\t\t\t<\/div>\n\t\t\t\t<\/div>\n\t\t\t\t<div class=\"elementor-element elementor-element-ac91cf1 elementor-widget elementor-widget-html\" data-id=\"ac91cf1\" data-element_type=\"widget\" data-e-type=\"widget\" data-widget_type=\"html.default\">\n\t\t\t\t<div class=\"elementor-widget-container\">\n\t\t\t\t\t\n<a href=\"https:\/\/tsv-ohrnberg.de\/wp-content\/uploads\/2019\/05\/Satzung-TSV-2015.pdf\">Klicken sie hier um die Satzung als PDF zu erhalten<\/a>\n\t\t\t\t<\/div>\n\t\t\t\t<\/div>\n\t\t\t\t\t<\/div>\n\t\t<\/div>\n\t\t\t\t\t<\/div>\n\t\t<\/section>\n\t\t\t\t<section class=\"elementor-section elementor-top-section elementor-element elementor-element-f3e0c6c elementor-section-boxed elementor-section-height-default elementor-section-height-default\" data-id=\"f3e0c6c\" data-element_type=\"section\" data-e-type=\"section\">\n\t\t\t\t\t\t<div class=\"elementor-container elementor-column-gap-default\">\n\t\t\t\t\t<div class=\"elementor-column elementor-col-100 elementor-top-column elementor-element elementor-element-e3ae8f8\" data-id=\"e3ae8f8\" data-element_type=\"column\" data-e-type=\"column\">\n\t\t\t<div class=\"elementor-widget-wrap elementor-element-populated\">\n\t\t\t\t\t\t<div class=\"elementor-element elementor-element-56ee41a elementor-widget elementor-widget-heading\" data-id=\"56ee41a\" data-element_type=\"widget\" data-e-type=\"widget\" data-widget_type=\"heading.default\">\n\t\t\t\t<div class=\"elementor-widget-container\">\n\t\t\t\t\t<h2 class=\"elementor-heading-title elementor-size-default\">Datenschutzerkl\u00e4rung<\/h2>\t\t\t\t<\/div>\n\t\t\t\t<\/div>\n\t\t\t\t<div class=\"elementor-element elementor-element-c628674 elementor-widget elementor-widget-button\" data-id=\"c628674\" data-element_type=\"widget\" data-e-type=\"widget\" data-widget_type=\"button.default\">\n\t\t\t\t<div class=\"elementor-widget-container\">\n\t\t\t\t\t\t\t\t\t<div class=\"elementor-button-wrapper\">\n\t\t\t\t\t<a class=\"elementor-button elementor-button-link elementor-size-sm\" href=\"https:\/\/tsv-ohrnberg.de\/index.php\/datenschutzerklaerung\/\">\n\t\t\t\t\t\t<span class=\"elementor-button-content-wrapper\">\n\t\t\t\t\t\t\t\t\t<span class=\"elementor-button-text\">Hier Klicken<\/span>\n\t\t\t\t\t<\/span>\n\t\t\t\t\t<\/a>\n\t\t\t\t<\/div>\n\t\t\t\t\t\t\t\t<\/div>\n\t\t\t\t<\/div>\n\t\t\t\t\t<\/div>\n\t\t<\/div>\n\t\t\t\t\t<\/div>\n\t\t<\/section>\n\t\t\t\t<\/div>\n\t\t","protected":false},"excerpt":{"rendered":"<p>Impressum Alle Inhalte dieses Web-Angebots, wie Bilder, Grafiken und Symbole, Texte, unterliegen dem Urheberrecht. Wenn nicht anders angegeben, liegt das Urheberrecht beim TSV Ohrnberg 1921 e.V.! Jegliches Kopieren, Vervielf\u00e4ltigen und Verwenden von Daten der TSV Ohrnberg-Website ist ohne ausdr\u00fcckliche schriftliche Genehmigung des TSV Ohrnberg verboten. Dies gilt auch f\u00fcr die Speicherung und\/oder Vervielf\u00e4ltigung in Datenbanken [&hellip;]<\/p>\n","protected":false},"author":1,"featured_media":0,"parent":0,"menu_order":0,"comment_status":"closed","ping_status":"closed","template":"","meta":{"_monsterinsights_skip_tracking":false,"_monsterinsights_sitenote_active":false,"_monsterinsights_sitenote_note":"","_monsterinsights_sitenote_category":0,"footnotes":""},"class_list":["post-200","page","type-page","status-publish","hentry","entry"],"_links":{"self":[{"href":"https:\/\/tsv-ohrnberg.de\/index.php\/wp-json\/wp\/v2\/pages\/200","targetHints":{"allow":["GET"]}}],"collection":[{"href":"https:\/\/tsv-ohrnberg.de\/index.php\/wp-json\/wp\/v2\/pages"}],"about":[{"href":"https:\/\/tsv-ohrnberg.de\/index.php\/wp-json\/wp\/v2\/types\/page"}],"author":[{"embeddable":true,"href":"https:\/\/tsv-ohrnberg.de\/index.php\/wp-json\/wp\/v2\/users\/1"}],"replies":[{"embeddable":true,"href":"https:\/\/tsv-ohrnberg.de\/index.php\/wp-json\/wp\/v2\/comments?post=200"}],"version-history":[{"count":22,"href":"https:\/\/tsv-ohrnberg.de\/index.php\/wp-json\/wp\/v2\/pages\/200\/revisions"}],"predecessor-version":[{"id":961,"href":"https:\/\/tsv-ohrnberg.de\/index.php\/wp-json\/wp\/v2\/pages\/200\/revisions\/961"}],"wp:attachment":[{"href":"https:\/\/tsv-ohrnberg.de\/index.php\/wp-json\/wp\/v2\/media?parent=200"}],"curies":[{"name":"wp","href":"https:\/\/api.w.org\/{rel}","templated":true}]}}