{"id":1331,"date":"2021-02-08T18:00:43","date_gmt":"2021-02-08T18:00:43","guid":{"rendered":"https:\/\/tsv-ohrnberg.de\/?page_id=1331"},"modified":"2021-12-20T14:08:16","modified_gmt":"2021-12-20T14:08:16","slug":"sponsoren-werbepartner","status":"publish","type":"page","link":"https:\/\/tsv-ohrnberg.de\/index.php\/sponsoren-werbepartner\/","title":{"rendered":"Sponsoren\/Werbepartner"},"content":{"rendered":"\t\t<div data-elementor-type=\"wp-page\" data-elementor-id=\"1331\" class=\"elementor elementor-1331\">\n\t\t\t\t\t\t<section class=\"elementor-section elementor-top-section elementor-element elementor-element-c44274b elementor-section-boxed elementor-section-height-default elementor-section-height-default\" data-id=\"c44274b\" data-element_type=\"section\" data-e-type=\"section\" data-settings=\"{&quot;background_background&quot;:&quot;classic&quot;}\">\n\t\t\t\t\t\t<div class=\"elementor-container elementor-column-gap-default\">\n\t\t\t\t\t<div class=\"elementor-column elementor-col-50 elementor-top-column elementor-element elementor-element-f671578\" data-id=\"f671578\" data-element_type=\"column\" data-e-type=\"column\">\n\t\t\t<div class=\"elementor-widget-wrap elementor-element-populated\">\n\t\t\t\t\t\t<div class=\"elementor-element elementor-element-eb5cb13 elementor-widget elementor-widget-spacer\" data-id=\"eb5cb13\" data-element_type=\"widget\" data-e-type=\"widget\" data-widget_type=\"spacer.default\">\n\t\t\t\t<div class=\"elementor-widget-container\">\n\t\t\t\t\t\t\t<div class=\"elementor-spacer\">\n\t\t\t<div class=\"elementor-spacer-inner\"><\/div>\n\t\t<\/div>\n\t\t\t\t\t\t<\/div>\n\t\t\t\t<\/div>\n\t\t\t\t<div class=\"elementor-element elementor-element-38d429c elementor-widget elementor-widget-heading\" data-id=\"38d429c\" data-element_type=\"widget\" data-e-type=\"widget\" data-widget_type=\"heading.default\">\n\t\t\t\t<div class=\"elementor-widget-container\">\n\t\t\t\t\t<h2 class=\"elementor-heading-title elementor-size-default\">Sponsoren \/ Werbepartner<\/h2>\t\t\t\t<\/div>\n\t\t\t\t<\/div>\n\t\t\t\t<div class=\"elementor-element elementor-element-2bb74d5 elementor-widget elementor-widget-spacer\" data-id=\"2bb74d5\" data-element_type=\"widget\" data-e-type=\"widget\" data-widget_type=\"spacer.default\">\n\t\t\t\t<div class=\"elementor-widget-container\">\n\t\t\t\t\t\t\t<div class=\"elementor-spacer\">\n\t\t\t<div class=\"elementor-spacer-inner\"><\/div>\n\t\t<\/div>\n\t\t\t\t\t\t<\/div>\n\t\t\t\t<\/div>\n\t\t\t\t\t<\/div>\n\t\t<\/div>\n\t\t\t\t<div class=\"elementor-column elementor-col-50 elementor-top-column elementor-element elementor-element-dd1a46a\" data-id=\"dd1a46a\" data-element_type=\"column\" data-e-type=\"column\">\n\t\t\t<div class=\"elementor-widget-wrap elementor-element-populated\">\n\t\t\t\t\t\t<div class=\"elementor-element elementor-element-978d8d6 elementor-widget elementor-widget-spacer\" data-id=\"978d8d6\" data-element_type=\"widget\" data-e-type=\"widget\" data-widget_type=\"spacer.default\">\n\t\t\t\t<div class=\"elementor-widget-container\">\n\t\t\t\t\t\t\t<div class=\"elementor-spacer\">\n\t\t\t<div class=\"elementor-spacer-inner\"><\/div>\n\t\t<\/div>\n\t\t\t\t\t\t<\/div>\n\t\t\t\t<\/div>\n\t\t\t\t\t<\/div>\n\t\t<\/div>\n\t\t\t\t\t<\/div>\n\t\t<\/section>\n\t\t\t\t<section class=\"elementor-section elementor-top-section elementor-element elementor-element-12890b0 elementor-section-boxed elementor-section-height-default elementor-section-height-default\" data-id=\"12890b0\" data-element_type=\"section\" data-e-type=\"section\">\n\t\t\t\t\t\t<div class=\"elementor-container elementor-column-gap-default\">\n\t\t\t\t\t<div class=\"elementor-column elementor-col-100 elementor-top-column elementor-element elementor-element-de35390\" data-id=\"de35390\" data-element_type=\"column\" data-e-type=\"column\">\n\t\t\t<div class=\"elementor-widget-wrap elementor-element-populated\">\n\t\t\t\t\t\t<div class=\"elementor-element elementor-element-5181edf elementor-widget elementor-widget-heading\" data-id=\"5181edf\" data-element_type=\"widget\" data-e-type=\"widget\" data-widget_type=\"heading.default\">\n\t\t\t\t<div class=\"elementor-widget-container\">\n\t\t\t\t\t<h2 class=\"elementor-heading-title elementor-size-default\">Herzlichen Dank<\/h2>\t\t\t\t<\/div>\n\t\t\t\t<\/div>\n\t\t\t\t\t<\/div>\n\t\t<\/div>\n\t\t\t\t\t<\/div>\n\t\t<\/section>\n\t\t\t\t<section class=\"elementor-section elementor-top-section elementor-element elementor-element-f68398d elementor-section-boxed elementor-section-height-default elementor-section-height-default\" data-id=\"f68398d\" data-element_type=\"section\" data-e-type=\"section\">\n\t\t\t\t\t\t<div class=\"elementor-container elementor-column-gap-default\">\n\t\t\t\t\t<div class=\"elementor-column elementor-col-100 elementor-top-column elementor-element elementor-element-bf98fcf\" data-id=\"bf98fcf\" data-element_type=\"column\" data-e-type=\"column\">\n\t\t\t<div class=\"elementor-widget-wrap elementor-element-populated\">\n\t\t\t\t\t\t<div class=\"elementor-element elementor-element-60635ab elementor-widget elementor-widget-text-editor\" data-id=\"60635ab\" data-element_type=\"widget\" data-e-type=\"widget\" data-widget_type=\"text-editor.default\">\n\t\t\t\t<div class=\"elementor-widget-container\">\n\t\t\t\t\t\t\t\t\t<p>Ohne unsere Werbepartner ist ein reges Vereinsleben, Spielbetrieb als auch F\u00f6rderung der Jugendarbeit, wie wir beim TSV es lieben und leben, nicht m\u00f6glich. <br \/>Von den Aktiven Sportlern \u00fcber die Freizeitgruppen bis zu unsereren J\u00fcngsten, k\u00f6nnen wir unser reichhaltiges Angebot zu fairen Mitgliedsbeitr\u00e4gen aufrechterhalten. <br \/>Wir Bedanken uns herzlichst bei allen G\u00f6nnern und Spendern. <\/p><p><strong>Liebe Vereinsmitglieder\/innen,<br \/><\/strong><strong> bitte ber\u00fccksichtigen Sie bei Ihren Eink\u00e4ufen die Partner des TSV Ohrnberg 1921 e.V..<\/strong><\/p>\t\t\t\t\t\t\t\t<\/div>\n\t\t\t\t<\/div>\n\t\t\t\t<div class=\"elementor-element elementor-element-2b514ed elementor-widget elementor-widget-heading\" data-id=\"2b514ed\" data-element_type=\"widget\" data-e-type=\"widget\" data-widget_type=\"heading.default\">\n\t\t\t\t<div class=\"elementor-widget-container\">\n\t\t\t\t\t<h2 class=\"elementor-heading-title elementor-size-default\">Werbetr\u00e4ger der Bandenwerbung:<\/h2>\t\t\t\t<\/div>\n\t\t\t\t<\/div>\n\t\t\t\t<div class=\"elementor-element elementor-element-88e4141 elementor-widget elementor-widget-text-editor\" data-id=\"88e4141\" data-element_type=\"widget\" data-e-type=\"widget\" data-widget_type=\"text-editor.default\">\n\t\t\t\t<div class=\"elementor-widget-container\">\n\t\t\t\t\t\t\t\t\t<p><strong>Arnold Umformtechnik GmbH u.Co.KG<\/strong><br \/>Carl Arnold-Stra\u00dfe 25, 74670 Forchtenberg-Ernsbach<br \/>Telefon: 07947 8210 <\/p>\t\t\t\t\t\t\t\t<\/div>\n\t\t\t\t<\/div>\n\t\t\t\t<div class=\"elementor-element elementor-element-5bb7ecb elementor-widget elementor-widget-text-editor\" data-id=\"5bb7ecb\" data-element_type=\"widget\" data-e-type=\"widget\" data-widget_type=\"text-editor.default\">\n\t\t\t\t<div class=\"elementor-widget-container\">\n\t\t\t\t\t\t\t\t\t<p><strong>Autozubeh\u00f6r R. Schneider GmbH<\/strong><br \/>Zeilbaumweg 14, 74613 \u00d6hringen <br \/>Telefon: 07941 648980<\/p>\t\t\t\t\t\t\t\t<\/div>\n\t\t\t\t<\/div>\n\t\t\t\t<div class=\"elementor-element elementor-element-328fe4d elementor-widget elementor-widget-text-editor\" data-id=\"328fe4d\" data-element_type=\"widget\" data-e-type=\"widget\" data-widget_type=\"text-editor.default\">\n\t\t\t\t<div class=\"elementor-widget-container\">\n\t\t\t\t\t\t\t\t\t<p><strong>B\u00e4ckerei Offenh\u00e4user<br \/><\/strong>Schulgasse 19, 74613 \u00d6hringen<br \/>Telefon: 07941 8652<\/p>\t\t\t\t\t\t\t\t<\/div>\n\t\t\t\t<\/div>\n\t\t\t\t<div class=\"elementor-element elementor-element-ae35e32 elementor-widget elementor-widget-text-editor\" data-id=\"ae35e32\" data-element_type=\"widget\" data-e-type=\"widget\" data-widget_type=\"text-editor.default\">\n\t\t\t\t<div class=\"elementor-widget-container\">\n\t\t\t\t\t\t\t\t\t<p><strong>Elektro Schmid<br \/><\/strong>Kocherstra\u00dfe 25, 74613 \u00d6hringen-M\u00f6glingen<br \/>Telefon: 07948 940033<\/p>\t\t\t\t\t\t\t\t<\/div>\n\t\t\t\t<\/div>\n\t\t\t\t<div class=\"elementor-element elementor-element-4a3a74a elementor-widget elementor-widget-text-editor\" data-id=\"4a3a74a\" data-element_type=\"widget\" data-e-type=\"widget\" data-widget_type=\"text-editor.default\">\n\t\t\t\t<div class=\"elementor-widget-container\">\n\t\t\t\t\t\t\t\t\t<p><strong>ERGO-Victoria-Versicherung<\/strong><br \/>Konrad-Maisch-Str.2, 74613 \u00d6hringen<br \/>Telefon: 07941 985047<\/p>\t\t\t\t\t\t\t\t<\/div>\n\t\t\t\t<\/div>\n\t\t\t\t<div class=\"elementor-element elementor-element-e1c0bce elementor-widget elementor-widget-text-editor\" data-id=\"e1c0bce\" data-element_type=\"widget\" data-e-type=\"widget\" data-widget_type=\"text-editor.default\">\n\t\t\t\t<div class=\"elementor-widget-container\">\n\t\t\t\t\t\t\t\t\t<p><strong>Fensterbau Mugele<\/strong><br \/>Thalh\u00e4lde 26, 74613 \u00d6hringen-Ohrnberg<br \/>Telefon: 07948 588<\/p>\t\t\t\t\t\t\t\t<\/div>\n\t\t\t\t<\/div>\n\t\t\t\t<div class=\"elementor-element elementor-element-3c29225 elementor-widget elementor-widget-text-editor\" data-id=\"3c29225\" data-element_type=\"widget\" data-e-type=\"widget\" data-widget_type=\"text-editor.default\">\n\t\t\t\t<div class=\"elementor-widget-container\">\n\t\t\t\t\t\t\t\t\t<p><strong>Gasthaus zur Post<\/strong><br \/>Kochersteinsfelder Str. 28, 74239 Hardthausen am Kocher, Kochersteinsfeld<br \/>Telefon: 07139 453366 \/ <a href=\"https:\/\/zurpost-la.net\/\">https:\/\/zurpost-la.net\/<\/a><\/p>\t\t\t\t\t\t\t\t<\/div>\n\t\t\t\t<\/div>\n\t\t\t\t<div class=\"elementor-element elementor-element-e789505 elementor-widget elementor-widget-text-editor\" data-id=\"e789505\" data-element_type=\"widget\" data-e-type=\"widget\" data-widget_type=\"text-editor.default\">\n\t\t\t\t<div class=\"elementor-widget-container\">\n\t\t\t\t\t\t\t\t\t<p><strong>Getr\u00e4nkevertrieb Kober GmbH<\/strong><br \/>Eichbrunnenstra\u00dfe 1, 74632 Neuenstein <br \/>Telefon: 07942 91950 <a href=\"http:\/\/www.getraenke-kober.de\">http:\/\/www.getraenke-kober.de<\/a><\/p>\t\t\t\t\t\t\t\t<\/div>\n\t\t\t\t<\/div>\n\t\t\t\t<div class=\"elementor-element elementor-element-0ddf4b4 elementor-widget elementor-widget-text-editor\" data-id=\"0ddf4b4\" data-element_type=\"widget\" data-e-type=\"widget\" data-widget_type=\"text-editor.default\">\n\t\t\t\t<div class=\"elementor-widget-container\">\n\t\t\t\t\t\t\t\t\t<p><strong>Holzwerkstatt Samuel Roloff<\/strong> <br \/>Friedrichstr. 6, 74613 Ohrnberg<br \/>Telefon: 07948\/741 <\/p>\t\t\t\t\t\t\t\t<\/div>\n\t\t\t\t<\/div>\n\t\t\t\t<div class=\"elementor-element elementor-element-9c32648 elementor-widget elementor-widget-text-editor\" data-id=\"9c32648\" data-element_type=\"widget\" data-e-type=\"widget\" data-widget_type=\"text-editor.default\">\n\t\t\t\t<div class=\"elementor-widget-container\">\n\t\t\t\t\t\t\t\t\t<p><strong>GO-Sports Obernd\u00f6rfer GmbH &amp; Co. KG<\/strong><br \/>Forststr.3, 74239 Hardthausen <br \/>Telefon: 07139 453250<\/p>\t\t\t\t\t\t\t\t<\/div>\n\t\t\t\t<\/div>\n\t\t\t\t<div class=\"elementor-element elementor-element-035165d elementor-widget elementor-widget-text-editor\" data-id=\"035165d\" data-element_type=\"widget\" data-e-type=\"widget\" data-widget_type=\"text-editor.default\">\n\t\t\t\t<div class=\"elementor-widget-container\">\n\t\t\t\t\t\t\t\t\t<p><strong>G\u00fcnter D\u00e4uber Schrotthandel<\/strong><br \/>Gartenb\u00fchlstr. 19, 74613 \u00d6hringen<br \/>Telefon: 07948 2151<\/p>\t\t\t\t\t\t\t\t<\/div>\n\t\t\t\t<\/div>\n\t\t\t\t<div class=\"elementor-element elementor-element-8aede26 elementor-widget elementor-widget-text-editor\" data-id=\"8aede26\" data-element_type=\"widget\" data-e-type=\"widget\" data-widget_type=\"text-editor.default\">\n\t\t\t\t<div class=\"elementor-widget-container\">\n\t\t\t\t\t\t\t\t\t<p><strong>Haarwerk Waltraud Bechle<\/strong><br \/>Franz-H\u00e4felin-Str. 1, 74243 Langenbrettach <br \/>Telefon: 07139 2392<\/p>\t\t\t\t\t\t\t\t<\/div>\n\t\t\t\t<\/div>\n\t\t\t\t<div class=\"elementor-element elementor-element-30b1af0 elementor-widget elementor-widget-text-editor\" data-id=\"30b1af0\" data-element_type=\"widget\" data-e-type=\"widget\" data-widget_type=\"text-editor.default\">\n\t\t\t\t<div class=\"elementor-widget-container\">\n\t\t\t\t\t\t\t\t\t<p><strong>H u. S Reifenservice<\/strong><br \/>Kochertalstr. 2, 74679 Wei\u00dfbach<br \/>Telefon: 07947 941961<\/p>\t\t\t\t\t\t\t\t<\/div>\n\t\t\t\t<\/div>\n\t\t\t\t<div class=\"elementor-element elementor-element-5a28fc7 elementor-widget elementor-widget-text-editor\" data-id=\"5a28fc7\" data-element_type=\"widget\" data-e-type=\"widget\" data-widget_type=\"text-editor.default\">\n\t\t\t\t<div class=\"elementor-widget-container\">\n\t\t\t\t\t\t\t\t\t<p><strong>M\u00f6bel-M\u00fcller<\/strong><br \/>Im Bild 4, 74635 Kupferzell<br \/>Telefon: 07944 8613<\/p>\t\t\t\t\t\t\t\t<\/div>\n\t\t\t\t<\/div>\n\t\t\t\t<div class=\"elementor-element elementor-element-322e755 elementor-widget elementor-widget-text-editor\" data-id=\"322e755\" data-element_type=\"widget\" data-e-type=\"widget\" data-widget_type=\"text-editor.default\">\n\t\t\t\t<div class=\"elementor-widget-container\">\n\t\t\t\t\t\t\t\t\t<p><strong>Orthop\u00e4die-Schuhtechnik Gebhardt<\/strong><br \/>Rathausstr.35 , 74613 \u00d6hringen<br \/>Telefon: 07941 2361<\/p>\t\t\t\t\t\t\t\t<\/div>\n\t\t\t\t<\/div>\n\t\t\t\t<div class=\"elementor-element elementor-element-569d58e elementor-widget elementor-widget-text-editor\" data-id=\"569d58e\" data-element_type=\"widget\" data-e-type=\"widget\" data-widget_type=\"text-editor.default\">\n\t\t\t\t<div class=\"elementor-widget-container\">\n\t\t\t\t\t\t\t\t\t<p><strong>Sch\u00e4fer &amp; Peters GmbH<\/strong><br \/>Zeilbaumweg 32, 74613 \u00d6hringen<br \/>Telefon: 07941 60940<\/p>\t\t\t\t\t\t\t\t<\/div>\n\t\t\t\t<\/div>\n\t\t\t\t<div class=\"elementor-element elementor-element-a378522 elementor-widget elementor-widget-text-editor\" data-id=\"a378522\" data-element_type=\"widget\" data-e-type=\"widget\" data-widget_type=\"text-editor.default\">\n\t\t\t\t<div class=\"elementor-widget-container\">\n\t\t\t\t\t\t\t\t\t<p><strong>Schreinerei Kuch<\/strong><br \/>\u00d6hringer Str. 12\/1, 74239 Hardthausen am Kocher, Kochersteinsfeld<br \/>Telefon: 07139 7133 <a href=\"http:\/\/www.schreinerei-kuch.de\">www.schreinerei-kuch.de<\/a><\/p>\t\t\t\t\t\t\t\t<\/div>\n\t\t\t\t<\/div>\n\t\t\t\t<div class=\"elementor-element elementor-element-816178f elementor-widget elementor-widget-text-editor\" data-id=\"816178f\" data-element_type=\"widget\" data-e-type=\"widget\" data-widget_type=\"text-editor.default\">\n\t\t\t\t<div class=\"elementor-widget-container\">\n\t\t\t\t\t\t\t\t\t<p><strong>Sparkasse Hohenlohekreis<\/strong><br \/>Bahnhofstr. 3-5, 74613 \u00d6hringen<br \/>Telefon: 07940 120-0<\/p>\t\t\t\t\t\t\t\t<\/div>\n\t\t\t\t<\/div>\n\t\t\t\t<div class=\"elementor-element elementor-element-98d4c8b elementor-widget elementor-widget-text-editor\" data-id=\"98d4c8b\" data-element_type=\"widget\" data-e-type=\"widget\" data-widget_type=\"text-editor.default\">\n\t\t\t\t<div class=\"elementor-widget-container\">\n\t\t\t\t\t\t\t\t\t<p><strong>Volksbank Hohenlohe eG<\/strong><br \/>Ihre Bank in Hohenlohe<br \/><a href=\"https:\/\/www.vb-hohenlohe.de\/startseite.html\">https:\/\/www.vb-hohenlohe.de\/startseite.html<\/a><\/p>\t\t\t\t\t\t\t\t<\/div>\n\t\t\t\t<\/div>\n\t\t\t\t<div class=\"elementor-element elementor-element-cc74601 elementor-widget elementor-widget-text-editor\" data-id=\"cc74601\" data-element_type=\"widget\" data-e-type=\"widget\" data-widget_type=\"text-editor.default\">\n\t\t\t\t<div class=\"elementor-widget-container\">\n\t\t\t\t\t\t\t\t\t<p><strong>W\u00fcrth GmbH&amp; Co.KG<\/strong><br \/>Reinhold W\u00fcrth Str.12-17, 74653 K\u00fcnzelsau<br \/>Telefon: 07940 150 <a href=\"http:\/\/www.wuerth.de\">http:\/\/www.wuerth.de<\/a><\/p>\t\t\t\t\t\t\t\t<\/div>\n\t\t\t\t<\/div>\n\t\t\t\t<div class=\"elementor-element elementor-element-3e513c0 elementor-widget elementor-widget-text-editor\" data-id=\"3e513c0\" data-element_type=\"widget\" data-e-type=\"widget\" data-widget_type=\"text-editor.default\">\n\t\t\t\t<div class=\"elementor-widget-container\">\n\t\t\t\t\t\t\t\t\t<p><strong>W\u00fcrttembergische Versicherung Marlon Schuchardt<\/strong><br \/>Max-Eyth-Stra\u00dfe 3, 74214 Sch\u00f6ntal<br \/>Telefon: 07943 9438838 <a href=\"https:\/\/www.wuerttembergische.de\/versicherungen\/schoental\">https:\/\/www.wuerttembergische.de\/versicherungen\/schoental<\/a><\/p>\t\t\t\t\t\t\t\t<\/div>\n\t\t\t\t<\/div>\n\t\t\t\t\t<\/div>\n\t\t<\/div>\n\t\t\t\t\t<\/div>\n\t\t<\/section>\n\t\t\t\t<\/div>\n\t\t","protected":false},"excerpt":{"rendered":"<p>Sponsoren \/ Werbepartner Herzlichen Dank Ohne unsere Werbepartner ist ein reges Vereinsleben, Spielbetrieb als auch F\u00f6rderung der Jugendarbeit, wie wir beim TSV es lieben und leben, nicht m\u00f6glich. Von den Aktiven Sportlern \u00fcber die Freizeitgruppen bis zu unsereren J\u00fcngsten, k\u00f6nnen wir unser reichhaltiges Angebot zu fairen Mitgliedsbeitr\u00e4gen aufrechterhalten. Wir Bedanken uns herzlichst bei allen G\u00f6nnern [&hellip;]<\/p>\n","protected":false},"author":1,"featured_media":0,"parent":0,"menu_order":0,"comment_status":"closed","ping_status":"closed","template":"","meta":{"_monsterinsights_skip_tracking":false,"_monsterinsights_sitenote_active":false,"_monsterinsights_sitenote_note":"","_monsterinsights_sitenote_category":0,"footnotes":""},"class_list":["post-1331","page","type-page","status-publish","hentry","entry"],"_links":{"self":[{"href":"https:\/\/tsv-ohrnberg.de\/index.php\/wp-json\/wp\/v2\/pages\/1331","targetHints":{"allow":["GET"]}}],"collection":[{"href":"https:\/\/tsv-ohrnberg.de\/index.php\/wp-json\/wp\/v2\/pages"}],"about":[{"href":"https:\/\/tsv-ohrnberg.de\/index.php\/wp-json\/wp\/v2\/types\/page"}],"author":[{"embeddable":true,"href":"https:\/\/tsv-ohrnberg.de\/index.php\/wp-json\/wp\/v2\/users\/1"}],"replies":[{"embeddable":true,"href":"https:\/\/tsv-ohrnberg.de\/index.php\/wp-json\/wp\/v2\/comments?post=1331"}],"version-history":[{"count":34,"href":"https:\/\/tsv-ohrnberg.de\/index.php\/wp-json\/wp\/v2\/pages\/1331\/revisions"}],"predecessor-version":[{"id":1534,"href":"https:\/\/tsv-ohrnberg.de\/index.php\/wp-json\/wp\/v2\/pages\/1331\/revisions\/1534"}],"wp:attachment":[{"href":"https:\/\/tsv-ohrnberg.de\/index.php\/wp-json\/wp\/v2\/media?parent=1331"}],"curies":[{"name":"wp","href":"https:\/\/api.w.org\/{rel}","templated":true}]}}